{"id":8111,"date":"2023-02-04T12:44:41","date_gmt":"2023-02-04T11:44:41","guid":{"rendered":"http:\/\/bookinghour.com\/?page_id=8111"},"modified":"2023-02-04T13:05:55","modified_gmt":"2023-02-04T12:05:55","slug":"about-us","status":"publish","type":"page","link":"https:\/\/bookinghour.com\/fr\/about-us\/","title":{"rendered":"About-us"},"content":{"rendered":"<div data-elementor-type=\"wp-page\" data-elementor-id=\"8111\" class=\"elementor elementor-8111\">\n\t\t\t\t\t\t<section data-particle_enable=\"false\" data-particle-mobile-disabled=\"false\" class=\"elementor-section elementor-top-section elementor-element elementor-element-1a2a03b elementor-section-boxed elementor-section-height-default elementor-section-height-default\" data-id=\"1a2a03b\" data-element_type=\"section\" data-e-type=\"section\">\n\t\t\t\t\t\t<div class=\"elementor-container elementor-column-gap-default\">\n\t\t\t\t\t<div class=\"elementor-column elementor-col-100 elementor-top-column elementor-element elementor-element-37a5664\" data-id=\"37a5664\" data-element_type=\"column\" data-e-type=\"column\">\n\t\t\t<div class=\"elementor-widget-wrap elementor-element-populated\">\n\t\t\t\t\t\t<div class=\"elementor-element elementor-element-3a60cea elementor-widget elementor-widget-heading\" data-id=\"3a60cea\" data-element_type=\"widget\" data-e-type=\"widget\" data-widget_type=\"heading.default\">\n\t\t\t\t<div class=\"elementor-widget-container\">\n\t\t\t\t\t<h2 class=\"elementor-heading-title elementor-size-default\">\u00c0 propos de nous<\/h2>\t\t\t\t<\/div>\n\t\t\t\t<\/div>\n\t\t\t\t\t<\/div>\n\t\t<\/div>\n\t\t\t\t\t<\/div>\n\t\t<\/section>\n\t\t\t\t<section data-particle_enable=\"false\" data-particle-mobile-disabled=\"false\" class=\"elementor-section elementor-top-section elementor-element elementor-element-4199303 elementor-section-boxed elementor-section-height-default elementor-section-height-default\" data-id=\"4199303\" data-element_type=\"section\" data-e-type=\"section\">\n\t\t\t\t\t\t<div class=\"elementor-container elementor-column-gap-default\">\n\t\t\t\t\t<div class=\"elementor-column elementor-col-100 elementor-top-column elementor-element elementor-element-e3a6d49\" data-id=\"e3a6d49\" data-element_type=\"column\" data-e-type=\"column\">\n\t\t\t<div class=\"elementor-widget-wrap elementor-element-populated\">\n\t\t\t\t\t\t<div class=\"elementor-element elementor-element-8bc2224 elementor-widget elementor-widget-text-editor\" data-id=\"8bc2224\" data-element_type=\"widget\" data-e-type=\"widget\" data-widget_type=\"text-editor.default\">\n\t\t\t\t<div class=\"elementor-widget-container\">\n\t\t\t\t\t\t\t\t\t<p>BookingHour est une plateforme de prise de rendez-vous en ligne qui aide les entreprises et les particuliers \u00e0 g\u00e9rer efficacement leur temps. Avec son interface conviviale et ses fonctionnalit\u00e9s puissantes, BookingHour permet aux utilisateurs de planifier des rendez-vous, de g\u00e9rer les informations des clients et de recevoir des notifications et des rappels, le tout en un seul endroit. Que vous soyez m\u00e9decin, th\u00e9rapeute, tuteur, esth\u00e9ticienne, coiffeur, avocat ou tout autre professionnel, BookingHour facilite la gestion de votre emploi du temps, vous fait gagner du temps et offre une exp\u00e9rience fluide \u00e0 vos clients. Rejoignez BookingHour aujourd'hui et commencez \u00e0 prendre le contr\u00f4le de votre temps.<\/p><p>BookingHour offre une gamme de fonctionnalit\u00e9s pour r\u00e9pondre aux besoins des entreprises et des particuliers de toutes tailles. BookingHour offre une gamme de fonctionnalit\u00e9s pour r\u00e9pondre aux besoins des entreprises et des particuliers de toutes tailles. ookingHour offre une gamme de fonctionnalit\u00e9s pour r\u00e9pondre aux besoins des entreprises et des particuliers de toutes tailles. Gr\u00e2ce \u00e0 son formulaire de r\u00e9servation personnalisable, les entreprises peuvent recueillir toutes les informations dont elles ont besoin aupr\u00e8s des clients avant leur rendez-vous, garantissant ainsi un processus fluide et efficace. La plateforme propose \u00e9galement une vue calendrier qui donne un aper\u00e7u clair de votre emploi du temps, ce qui permet d'\u00e9viter facilement les doubles r\u00e9servations et de g\u00e9rer efficacement votre temps.<br \/><br \/>BookingHour s'int\u00e8gre \u00e0 diverses passerelles de paiement, permettant aux entreprises d'accepter les paiements en ligne pour les rendez-vous. La plate-forme fournit \u00e9galement des notifications et des rappels automatis\u00e9s, qui aident \u00e0 r\u00e9duire les absences et garantissent que les clients arrivent \u00e0 l'heure. Avec ses fonctionnalit\u00e9s de reporting et d'analyse, BookingHour offre des informations pr\u00e9cieuses sur votre entreprise, vous permettant de prendre des d\u00e9cisions \u00e9clair\u00e9es et d'optimiser votre flux de travail.<br \/><br \/>BookingHour est con\u00e7u pour \u00eatre simple et intuitif, en mettant l'accent sur la facilit\u00e9 d'utilisation. La plate-forme est accessible depuis n'importe quel appareil disposant d'une connexion Internet, ce qui permet de g\u00e9rer votre emploi du temps n'importe o\u00f9, \u00e0 tout moment. Que vous soyez propri\u00e9taire d'une petite entreprise ou un professionnel occup\u00e9, BookingHour offre les outils dont vous avez besoin pour prendre le contr\u00f4le de votre temps et d\u00e9velopper votre entreprise.<\/p>\t\t\t\t\t\t\t\t<\/div>\n\t\t\t\t<\/div>\n\t\t\t\t<div class=\"elementor-element elementor-element-c84f8ab elementor-widget-divider--view-line_icon elementor-view-default elementor-widget-divider--element-align-center elementor-widget elementor-widget-divider\" data-id=\"c84f8ab\" data-element_type=\"widget\" data-e-type=\"widget\" data-widget_type=\"divider.default\">\n\t\t\t\t<div class=\"elementor-widget-container\">\n\t\t\t\t\t\t\t<div class=\"elementor-divider\">\n\t\t\t<span class=\"elementor-divider-separator\">\n\t\t\t\t\t\t\t<div class=\"elementor-icon elementor-divider__element\">\n\t\t\t\t\t<i aria-hidden=\"true\" class=\"far fa-calendar-check\"><\/i><\/div>\n\t\t\t\t\t\t<\/span>\n\t\t<\/div>\n\t\t\t\t\t\t<\/div>\n\t\t\t\t<\/div>\n\t\t\t\t\t<\/div>\n\t\t<\/div>\n\t\t\t\t\t<\/div>\n\t\t<\/section>\n\t\t\t\t<\/div>","protected":false},"excerpt":{"rendered":"<p>About Us BookingHour is an online appointment scheduling platform that helps businesses and individuals manage their time efficiently. With its user-friendly interface and powerful features, BookingHour enables users to schedule appointments, manage client information, and receive notifications and reminders, all in one place. Whether you are a doctor, therapist, tutor, beautician, hairdresser, lawyer or any [&hellip;]<\/p>\n","protected":false},"author":1,"featured_media":0,"parent":0,"menu_order":0,"comment_status":"closed","ping_status":"closed","template":"","meta":{"site-sidebar-layout":"no-sidebar","site-content-layout":"page-builder","ast-site-content-layout":"default","site-content-style":"default","site-sidebar-style":"default","ast-global-header-display":"","ast-banner-title-visibility":"","ast-main-header-display":"","ast-hfb-above-header-display":"","ast-hfb-below-header-display":"","ast-hfb-mobile-header-display":"","site-post-title":"disabled","ast-breadcrumbs-content":"","ast-featured-img":"disabled","footer-sml-layout":"","ast-disable-related-posts":"","theme-transparent-header-meta":"","adv-header-id-meta":"","stick-header-meta":"","header-above-stick-meta":"","header-main-stick-meta":"","header-below-stick-meta":"","astra-migrate-meta-layouts":"default","ast-page-background-enabled":"default","ast-page-background-meta":{"desktop":{"background-color":"var(--ast-global-color-4)","background-image":"","background-repeat":"repeat","background-position":"center center","background-size":"auto","background-attachment":"scroll","background-type":"","background-media":"","overlay-type":"","overlay-color":"","overlay-opacity":"","overlay-gradient":""},"tablet":{"background-color":"","background-image":"","background-repeat":"repeat","background-position":"center center","background-size":"auto","background-attachment":"scroll","background-type":"","background-media":"","overlay-type":"","overlay-color":"","overlay-opacity":"","overlay-gradient":""},"mobile":{"background-color":"","background-image":"","background-repeat":"repeat","background-position":"center center","background-size":"auto","background-attachment":"scroll","background-type":"","background-media":"","overlay-type":"","overlay-color":"","overlay-opacity":"","overlay-gradient":""}},"ast-content-background-meta":{"desktop":{"background-color":"var(--ast-global-color-5)","background-image":"","background-repeat":"repeat","background-position":"center center","background-size":"auto","background-attachment":"scroll","background-type":"","background-media":"","overlay-type":"","overlay-color":"","overlay-opacity":"","overlay-gradient":""},"tablet":{"background-color":"var(--ast-global-color-5)","background-image":"","background-repeat":"repeat","background-position":"center center","background-size":"auto","background-attachment":"scroll","background-type":"","background-media":"","overlay-type":"","overlay-color":"","overlay-opacity":"","overlay-gradient":""},"mobile":{"background-color":"var(--ast-global-color-5)","background-image":"","background-repeat":"repeat","background-position":"center center","background-size":"auto","background-attachment":"scroll","background-type":"","background-media":"","overlay-type":"","overlay-color":"","overlay-opacity":"","overlay-gradient":""}},"footnotes":""},"class_list":["post-8111","page","type-page","status-publish","hentry"],"yoast_head":"<!-- This site is optimized with the Yoast SEO plugin v27.2 - https:\/\/yoast.com\/product\/yoast-seo-wordpress\/ -->\n<title>About-us - Online Appointment Booking system<\/title>\n<meta name=\"robots\" content=\"index, follow, max-snippet:-1, max-image-preview:large, max-video-preview:-1\" \/>\n<link rel=\"canonical\" href=\"https:\/\/bookinghour.com\/fr\/about-us\/\" \/>\n<meta property=\"og:locale\" content=\"fr_FR\" \/>\n<meta property=\"og:type\" content=\"article\" \/>\n<meta property=\"og:title\" content=\"About-us - Online Appointment Booking system\" \/>\n<meta property=\"og:description\" content=\"About Us BookingHour is an online appointment scheduling platform that helps businesses and individuals manage their time efficiently. With its user-friendly interface and powerful features, BookingHour enables users to schedule appointments, manage client information, and receive notifications and reminders, all in one place. Whether you are a doctor, therapist, tutor, beautician, hairdresser, lawyer or any [&hellip;]\" \/>\n<meta property=\"og:url\" content=\"https:\/\/bookinghour.com\/fr\/about-us\/\" \/>\n<meta property=\"og:site_name\" content=\"Online Appointment Booking system\" \/>\n<meta property=\"article:publisher\" content=\"https:\/\/www.facebook.com\/BookingHour-105392595575644\" \/>\n<meta property=\"article:modified_time\" content=\"2023-02-04T12:05:55+00:00\" \/>\n<meta name=\"twitter:card\" content=\"summary_large_image\" \/>\n<meta name=\"twitter:label1\" content=\"Dur\u00e9e de lecture estim\u00e9e\" \/>\n\t<meta name=\"twitter:data1\" content=\"2 minutes\" \/>\n<script type=\"application\/ld+json\" class=\"yoast-schema-graph\">{\"@context\":\"https:\/\/schema.org\",\"@graph\":[{\"@type\":\"WebPage\",\"@id\":\"https:\/\/bookinghour.com\/about-us\/\",\"url\":\"https:\/\/bookinghour.com\/about-us\/\",\"name\":\"About-us - Online Appointment Booking system\",\"isPartOf\":{\"@id\":\"https:\/\/bookinghour.com\/#website\"},\"datePublished\":\"2023-02-04T11:44:41+00:00\",\"dateModified\":\"2023-02-04T12:05:55+00:00\",\"breadcrumb\":{\"@id\":\"https:\/\/bookinghour.com\/about-us\/#breadcrumb\"},\"inLanguage\":\"fr-FR\",\"potentialAction\":[{\"@type\":\"ReadAction\",\"target\":[\"https:\/\/bookinghour.com\/about-us\/\"]}]},{\"@type\":\"BreadcrumbList\",\"@id\":\"https:\/\/bookinghour.com\/about-us\/#breadcrumb\",\"itemListElement\":[{\"@type\":\"ListItem\",\"position\":1,\"name\":\"Home\",\"item\":\"https:\/\/bookinghour.com\/\"},{\"@type\":\"ListItem\",\"position\":2,\"name\":\"About-us\"}]},{\"@type\":\"WebSite\",\"@id\":\"https:\/\/bookinghour.com\/#website\",\"url\":\"https:\/\/bookinghour.com\/\",\"name\":\"Online Appointment Booking system\",\"description\":\"Seamless Scheduling, Anytime, Anywhere\",\"publisher\":{\"@id\":\"https:\/\/bookinghour.com\/#organization\"},\"potentialAction\":[{\"@type\":\"SearchAction\",\"target\":{\"@type\":\"EntryPoint\",\"urlTemplate\":\"https:\/\/bookinghour.com\/?s={search_term_string}\"},\"query-input\":{\"@type\":\"PropertyValueSpecification\",\"valueRequired\":true,\"valueName\":\"search_term_string\"}}],\"inLanguage\":\"fr-FR\"},{\"@type\":\"Organization\",\"@id\":\"https:\/\/bookinghour.com\/#organization\",\"name\":\"BookingHour\",\"url\":\"https:\/\/bookinghour.com\/\",\"logo\":{\"@type\":\"ImageObject\",\"inLanguage\":\"fr-FR\",\"@id\":\"https:\/\/bookinghour.com\/#\/schema\/logo\/image\/\",\"url\":\"https:\/\/bookinghour.com\/wp-content\/uploads\/2024\/11\/cropped-Bookinghour-online-appointment-scheduling-system-1.png\",\"contentUrl\":\"https:\/\/bookinghour.com\/wp-content\/uploads\/2024\/11\/cropped-Bookinghour-online-appointment-scheduling-system-1.png\",\"width\":250,\"height\":60,\"caption\":\"BookingHour\"},\"image\":{\"@id\":\"https:\/\/bookinghour.com\/#\/schema\/logo\/image\/\"},\"sameAs\":[\"https:\/\/www.facebook.com\/BookingHour-105392595575644\"]}]}<\/script>\n<!-- \/ Yoast SEO plugin. -->","yoast_head_json":{"title":"About-us - Online Appointment Booking system","robots":{"index":"index","follow":"follow","max-snippet":"max-snippet:-1","max-image-preview":"max-image-preview:large","max-video-preview":"max-video-preview:-1"},"canonical":"https:\/\/bookinghour.com\/fr\/about-us\/","og_locale":"fr_FR","og_type":"article","og_title":"About-us - Online Appointment Booking system","og_description":"About Us BookingHour is an online appointment scheduling platform that helps businesses and individuals manage their time efficiently. With its user-friendly interface and powerful features, BookingHour enables users to schedule appointments, manage client information, and receive notifications and reminders, all in one place. Whether you are a doctor, therapist, tutor, beautician, hairdresser, lawyer or any [&hellip;]","og_url":"https:\/\/bookinghour.com\/fr\/about-us\/","og_site_name":"Online Appointment Booking system","article_publisher":"https:\/\/www.facebook.com\/BookingHour-105392595575644","article_modified_time":"2023-02-04T12:05:55+00:00","twitter_card":"summary_large_image","twitter_misc":{"Dur\u00e9e de lecture estim\u00e9e":"2 minutes"},"schema":{"@context":"https:\/\/schema.org","@graph":[{"@type":"WebPage","@id":"https:\/\/bookinghour.com\/about-us\/","url":"https:\/\/bookinghour.com\/about-us\/","name":"About-us - Online Appointment Booking system","isPartOf":{"@id":"https:\/\/bookinghour.com\/#website"},"datePublished":"2023-02-04T11:44:41+00:00","dateModified":"2023-02-04T12:05:55+00:00","breadcrumb":{"@id":"https:\/\/bookinghour.com\/about-us\/#breadcrumb"},"inLanguage":"fr-FR","potentialAction":[{"@type":"ReadAction","target":["https:\/\/bookinghour.com\/about-us\/"]}]},{"@type":"BreadcrumbList","@id":"https:\/\/bookinghour.com\/about-us\/#breadcrumb","itemListElement":[{"@type":"ListItem","position":1,"name":"Home","item":"https:\/\/bookinghour.com\/"},{"@type":"ListItem","position":2,"name":"About-us"}]},{"@type":"WebSite","@id":"https:\/\/bookinghour.com\/#website","url":"https:\/\/bookinghour.com\/","name":"Online Appointment Booking system","description":"Seamless Scheduling, Anytime, Anywhere","publisher":{"@id":"https:\/\/bookinghour.com\/#organization"},"potentialAction":[{"@type":"SearchAction","target":{"@type":"EntryPoint","urlTemplate":"https:\/\/bookinghour.com\/?s={search_term_string}"},"query-input":{"@type":"PropertyValueSpecification","valueRequired":true,"valueName":"search_term_string"}}],"inLanguage":"fr-FR"},{"@type":"Organization","@id":"https:\/\/bookinghour.com\/#organization","name":"BookingHour","url":"https:\/\/bookinghour.com\/","logo":{"@type":"ImageObject","inLanguage":"fr-FR","@id":"https:\/\/bookinghour.com\/#\/schema\/logo\/image\/","url":"https:\/\/bookinghour.com\/wp-content\/uploads\/2024\/11\/cropped-Bookinghour-online-appointment-scheduling-system-1.png","contentUrl":"https:\/\/bookinghour.com\/wp-content\/uploads\/2024\/11\/cropped-Bookinghour-online-appointment-scheduling-system-1.png","width":250,"height":60,"caption":"BookingHour"},"image":{"@id":"https:\/\/bookinghour.com\/#\/schema\/logo\/image\/"},"sameAs":["https:\/\/www.facebook.com\/BookingHour-105392595575644"]}]}},"_links":{"self":[{"href":"https:\/\/bookinghour.com\/fr\/wp-json\/wp\/v2\/pages\/8111","targetHints":{"allow":["GET"]}}],"collection":[{"href":"https:\/\/bookinghour.com\/fr\/wp-json\/wp\/v2\/pages"}],"about":[{"href":"https:\/\/bookinghour.com\/fr\/wp-json\/wp\/v2\/types\/page"}],"author":[{"embeddable":true,"href":"https:\/\/bookinghour.com\/fr\/wp-json\/wp\/v2\/users\/1"}],"replies":[{"embeddable":true,"href":"https:\/\/bookinghour.com\/fr\/wp-json\/wp\/v2\/comments?post=8111"}],"version-history":[{"count":25,"href":"https:\/\/bookinghour.com\/fr\/wp-json\/wp\/v2\/pages\/8111\/revisions"}],"predecessor-version":[{"id":8147,"href":"https:\/\/bookinghour.com\/fr\/wp-json\/wp\/v2\/pages\/8111\/revisions\/8147"}],"wp:attachment":[{"href":"https:\/\/bookinghour.com\/fr\/wp-json\/wp\/v2\/media?parent=8111"}],"curies":[{"name":"wp","href":"https:\/\/api.w.org\/{rel}","templated":true}]}}