{"id":5210,"date":"2022-10-06T15:58:46","date_gmt":"2022-10-06T13:58:46","guid":{"rendered":"http:\/\/bookinghour.com\/?page_id=5210"},"modified":"2023-02-04T12:58:01","modified_gmt":"2023-02-04T11:58:01","slug":"terms-condition","status":"publish","type":"page","link":"https:\/\/bookinghour.com\/fr\/terms-condition\/","title":{"rendered":"Terms &#038; condition"},"content":{"rendered":"<div data-elementor-type=\"wp-page\" data-elementor-id=\"5210\" class=\"elementor elementor-5210\">\n\t\t\t\t\t\t<section data-particle_enable=\"false\" data-particle-mobile-disabled=\"false\" class=\"elementor-section elementor-top-section elementor-element elementor-element-a33b599 elementor-section-boxed elementor-section-height-default elementor-section-height-default\" data-id=\"a33b599\" data-element_type=\"section\" data-e-type=\"section\">\n\t\t\t\t\t\t<div class=\"elementor-container elementor-column-gap-default\">\n\t\t\t\t\t<div class=\"elementor-column elementor-col-100 elementor-top-column elementor-element elementor-element-811e7eb\" data-id=\"811e7eb\" data-element_type=\"column\" data-e-type=\"column\">\n\t\t\t<div class=\"elementor-widget-wrap elementor-element-populated\">\n\t\t\t\t\t\t<div class=\"elementor-element elementor-element-7a4199c5 elementor-widget elementor-widget-text-editor\" data-id=\"7a4199c5\" data-element_type=\"widget\" data-e-type=\"widget\" data-widget_type=\"text-editor.default\">\n\t\t\t\t<div class=\"elementor-widget-container\">\n\t\t\t\t\t\t\t\t\t<p><\/p>\n<p><strong>Termes et conditions\u00a0\u00a0<\/strong><\/p>\n<p><\/p>\n<p><\/p>\n<p>Toute\u00a0utilisation\u00a0du\u00a0site\u00a0Web\u00a0BookingHour\u00a0,\u00a0ainsi\u00a0que\u00a0toutes\u00a0informations,\u00a0produits\u00a0et\u00a0services\u00a0mis\u00a0\u00e0\u00a0disposition\u00a0sur\u00a0ou\u00a0via\u00a0le\u00a0site\u00a0Web,\u00a0est\u00a0soumise\u00a0aux\u00a0termes\u00a0et\u00a0conditions\u00a0\u00e9num\u00e9r\u00e9es\u00a0ci-dessous. Bookinghour.com\u00a0est\u00a0le\u00a0propri\u00e9taire\u00a0et\u00a0l'exploitant\u00a0du\u00a0site\u00a0Web\u00a0(BookingHour).\u00a0<\/p>\n<p><\/p>\n<p><\/p>\n<p>The\u00a0Website\u00a0is\u00a0provided\u00a0on\u00a0the\u00a0condition\u00a0that\u00a0you\u00a0accept,\u00a0without\u00a0limitation\u00a0or\u00a0qualification,\u00a0all\u00a0of\u00a0the\u00a0terms\u00a0and\u00a0conditions\u00a0contained\u00a0herein\u00a0and\u00a0all\u00a0other\u00a0operating\u00a0rules,\u00a0policies,\u00a0and\u00a0procedures\u00a0that\u00a0BookingHour\u00a0may,\u00a0in\u00a0its\u00a0sole\u00a0discretion,\u00a0publish\u00a0from\u00a0time\u00a0to\u00a0time\u00a0at\u00a0this\u00a0Site\u00a0(collectively,\u00a0the\u00a0&#8220;Agreement&#8221;).<\/p>\n<p><\/p>\n<p><\/p>\n<p>Avant d'utiliser ou d'acc\u00e9der \u00e0 ce site Web, veuillez prendre le temps de lire attentivement les conditions d'utilisation. Vous\u00a0acceptez\u00a0d'\u00eatre\u00a0r\u00e9gis\u00a0par\u00a0les\u00a0Termes\u00a0et\u00a0Conditions\u00a0(T&amp;C)\u00a0de\u00a0ce\u00a0Accord\u00a0en\u00a0acc\u00e9dant\u00a0ou\u00a0en\u00a0utilisant\u00a0toute\u00a0section\u00a0du\u00a0site\u00a0Web. Vous\u00a0n'\u00eates\u00a0pas\u00a0autoris\u00e9\u00a0\u00e0\u00a0utiliser\u00a0le\u00a0Site\u00a0Web\u00a0ou\u00a0\u00e0\u00a0utiliser\u00a0aucun\u00a0service\u00a0si\u00a0vous\u00a0n'\u00eates\u00a0pas\u00a0d'accord\u00a0avec\u00a0l'un\u00a0des\u00a0Termes\u00a0et\u00a0Conditions\u00a0de\u00a0ce\u00a0contrat\u00a0de\u00a0maintenance\u00a0de\u00a0site\u00a0Web. L'acceptation\u00a0est\u00a0conditionnelle\u00a0\u00e0\u00a0l'acceptation\u00a0\u00e9crite\u00a0de\u00a0BookingHour\u00a0de\u00a0tous\u00a0les\u00a0termes\u00a0et\u00a0conditions. Le\u00a0contenu\u00a0de\u00a0ce\u00a0site\u00a0Web\u00a0est\u00a0prot\u00e9g\u00e9\u00a0par\u00a0les\u00a0lois\u00a0sur\u00a0les\u00a0droits d'auteur\u00a0et\u00a0les\u00a0marques\u00a0de\u00a0commercialisation.<\/p>\n<p><\/p>\n<p><\/p>\n<h4 class=\"wp-block-heading\">D\u00e9tails de la Prestation<\/h4>\n<p><\/p>\n<p><\/p>\n<p>Gr\u00e2ce \u00e0 son r\u00e9seau de propri\u00e9t\u00e9s, BookingHour offre aux utilisateurs l'acc\u00e8s \u00e0 une s\u00e9lection de ressources, y compris divers outils, supports de formation et contenus p\u00e9dagogiques (le \"Service\"). Ces ressources sont accessibles via tout support ou dispositif actuellement utilis\u00e9 ou d\u00e9velopp\u00e9 ult\u00e9rieurement. De plus, vous reconnaissez et acceptez que pour que BookingHour fournisse le Service, celui-ci peut contenir des publicit\u00e9s. De plus, vous reconnaissez et acceptez que le Service peut contenir des communications de BookingHour, telles que des messages administratifs, des newsletters et des annonces de service, et que ces communications sont consid\u00e9r\u00e9es comme faisant partie de votre adh\u00e9sion. Toutes les nouvelles fonctionnalit\u00e9s qui compl\u00e8tent ou am\u00e9liorent le Service actuel, telles que l'ajout de nouveaux attributs BookingHour, sauf indication contraire claire, sont soumises aux CGU.<\/p>\n<p><\/p>\n<p><\/p>\n<p>Vous reconnaissez et acceptez que BookingHour ne donne aucune garantie concernant l'actualit\u00e9, l'exactitude, l'exhaustivit\u00e9 ou le stockage des messages de l'utilisateur ou des param\u00e8tres de personnalisation et que le Service est propos\u00e9 \"TEL QUEL\". Vous \u00eates responsable de l'acc\u00e8s au Service, et l'acc\u00e8s peut n\u00e9cessiter le paiement de frais tiers (tels que le fournisseur de services Internet ou les frais de temps d'antenne). Tous les frais, y compris ceux li\u00e9s \u00e0 la livraison ou \u00e0 l'affichage des publicit\u00e9s, sont \u00e0 votre charge. De plus, vous \u00eates responsable de la fourniture et de la maintenance de tout le mat\u00e9riel n\u00e9cessaire pour acc\u00e9der au Service.<\/p>\n<p><\/p>\n<p><\/p>\n<h4 class=\"wp-block-heading\">Vos obligations d'enregistrement<\/h4>\n<p><\/p>\n<p><\/p>\n<p>Vous garantissez que vous avez l'\u00e2ge l\u00e9gal pour conclure un contrat contraignant et que vous n'\u00eates pas une personne \u00e0 qui il est interdit de recevoir des services en vertu des lois fran\u00e7aises ou d'une autre juridiction applicable en \u00e9change de votre utilisation du Service.<\/p>\n<p><\/p>\n<p><\/p>\n<p>De plus, vous vous engagez \u00e0 :<\/p>\n<p><\/p>\n<p><\/p>\n<p>(a) remplir le formulaire d'inscription au service avec des informations exactes et mises \u00e0 jour sur vous-m\u00eame (les \u00ab\u00a0Donn\u00e9es d'inscription\u00a0\u00bb).<br \/>(b) Pour que les donn\u00e9es d'inscription restent v\u00e9ridiques, exactes, \u00e0 jour et compl\u00e8tes, elles doivent \u00e9galement \u00eatre conserv\u00e9es et mises \u00e0 jour rapidement. BookingHour a le droit de suspendre ou de r\u00e9silier votre compte et de refuser toute utilisation actuelle ou future du Service si vous fournissez des informations fausses, inexactes, obsol\u00e8tes ou incompl\u00e8tes, ou si BookingHour a des motifs raisonnables de soup\u00e7onner que ces informations sont fausses, inexactes, obsol\u00e8tes ou incompl\u00e8tes.<\/p>\n<p><\/p>\n<p><\/p>\n<h4 class=\"wp-block-heading\">Compte, s\u00e9curit\u00e9 et mot de passe pour les membres<\/h4>\n<p><\/p>\n<p><\/p>\n<p>Apr\u00e8s vous \u00eatre inscrit au Service, vous cr\u00e9erez un mot de passe et une d\u00e9signation de compte. Vous \u00eates enti\u00e8rement responsable de toutes les activit\u00e9s qui se d\u00e9roulent sous votre mot de passe ou votre compte, ainsi que du maintien du secret du mot de passe et du compte.<\/p>\n<p><\/p>\n<p><\/p>\n<p>Vous vous engagez \u00e0 :<\/p>\n<p><\/p>\n<p><\/p>\n<p>(a) alerter BookingHour d\u00e8s que vous avez connaissance d'une utilisation non autoris\u00e9e de votre mot de passe, de votre compte ou d'une autre faille de s\u00e9curit\u00e9.<br \/>(b) assurez-vous de vous d\u00e9connecter de votre compte apr\u00e8s chaque session. Votre non-respect de cette section 4 entra\u00eenera des pertes ou des dommages pour lesquels BookingHour n'est pas et ne peut \u00eatre tenu responsable.<\/p>\n<p><\/p>\n<p><\/p>\n<h4 class=\"wp-block-heading\">Paiement et renouvellement<\/h4>\n<p><\/p>\n<p><\/p>\n<p><strong>Conditions g\u00e9n\u00e9rales<\/strong><\/p>\n<p><\/p>\n<p><\/p>\n<p>Vous acceptez de payer \u00e0 BookingHour les frais d'abonnement uniques, mensuels ou annuels indiqu\u00e9s en choisissant un produit ou un service (des conditions de paiement suppl\u00e9mentaires peuvent \u00eatre incluses dans d'autres communications). Lorsque vous vous inscrivez pour une mise \u00e0 niveau, des frais d'abonnement pr\u00e9pay\u00e9s seront per\u00e7us, couvrant votre utilisation du service pendant le nombre sp\u00e9cifi\u00e9 de mois ou d'ann\u00e9es. Il n'y a aucun remboursement pour les paiements.<\/p>\n<p><\/p>\n<p><\/p>\n<p>Regular Renewal<\/p>\n<p><\/p>\n<p><\/p>\n<p>BookingHour will automatically renew your subscription unless you cancel it before the end of the applicable subscription period. If you do not cancel your subscription before the renewal date, you authorize BookingHour to charge your credit card or another designated payment method with the then-applicable annual or monthly subscription fee (plus any applicable taxes) for the renewal of your subscription. You can cancel your subscription at any moment by getting in touch with our support staff.<\/p>\n<p><\/p>\n<p><\/p>\n<h4 class=\"wp-block-heading\">Prestations de service<\/h4>\n<p><\/p>\n<p><\/p>\n<p><strong>Frais et paiement<\/strong><\/p>\n<p><\/p>\n<p><\/p>\n<p>Vous acceptez de payer \u00e0 BookingHour les frais d'installation n\u00e9cessaires et les frais courants en cr\u00e9ant un compte de membre. Le jour o\u00f9 vos services sont \u00e9tablis et avant que vous les utilisiez, les frais applicables vous seront factur\u00e9s. Les conditions de paiement et les frais sont susceptibles d'\u00eatre modifi\u00e9s par BookingHour avec un pr\u00e9avis \u00e9crit de trente (30) jours. Vous pouvez r\u00e9silier les services \u00e0 tout moment en utilisant le lien sur votre page de profil ou en donnant un pr\u00e9avis \u00e9crit \u00e0 BookingHour.<\/p>\n<p><\/p>\n<p><\/p>\n<p><strong>Support<\/strong><\/p>\n<p><\/p>\n<p><\/p>\n<p>Tous les abonnements incluent l'acc\u00e8s au forum de questions-r\u00e9ponses r\u00e9serv\u00e9 aux membres pour obtenir de l'aide. \"Assistance\" fait r\u00e9f\u00e9rence \u00e0 la disponibilit\u00e9 des demandes d'assistance technique avec l'utilisation des Services BookingHour via chat, e-mail ou forum \u00e0 tout moment (avec des efforts raisonnables de BookingHour pour r\u00e9pondre dans un d\u00e9lai de 1 \u00e0 2 jours ouvrables). Toute assistance sera fournie conform\u00e9ment aux protocoles, politiques et pratiques de fonctionnement normaux de BookingHour.<\/p>\n<p><\/p>\n<p><\/p>\n<h4 class=\"wp-block-heading\">Utiliser la licence<\/h4>\n<p><\/p>\n<p><\/p>\n<p>The materials (information or software) on BookingHour&#8217;s website may be viewed solely for your own noncommercial use during the temporary viewing period. You are not permitted to:<\/p>\n<p><\/p>\n<p><\/p>\n<p>\u2022 Modifier ou copier les mat\u00e9riaux ;<\/p>\n<p><\/p>\n<p><\/p>\n<p>\u2022 Utiliser les mat\u00e9riaux pour toute entreprise commerciale ou pour une exposition publique\u00a0; et<\/p>\n<p><\/p>\n<p><\/p>\n<p>\u2022 Transf\u00e9rer les mat\u00e9riaux \u00e0 une autre partie \u00e0 la suite de cette licence. Il s'agit simplement d'une concession de licence (commerciale ou non commerciale)<br \/>Supprimez tout droit d'auteur ou autres mentions de propri\u00e9t\u00e9 des documents. Transf\u00e9rez le mat\u00e9riel \u00e0 une autre personne ou \"reproduisez\" le mat\u00e9riel sur n'importe quel autre serveur. Tenter de d\u00e9compiler ou de d\u00e9sosser tout logiciel inclus sur le site Web de BookingHour.<\/p>\n<p><\/p>\n<p><\/p>\n<p><br \/>Si vous enfreignez l'une de ces restrictions, votre autorisation d'utiliser ce site expirera instantan\u00e9ment. BookingHour peut \u00e9galement r\u00e9silier votre licence \u00e0 tout moment. Vous \u00eates tenu de supprimer tous les documents t\u00e9l\u00e9charg\u00e9s en votre possession, qu'ils soient au format \u00e9lectronique ou imprim\u00e9, apr\u00e8s avoir consult\u00e9 les documents ou apr\u00e8s la r\u00e9siliation de cette licence.<\/p>\n<p><\/p>\n<p><\/p>\n<h4 class=\"wp-block-heading\">Clause de non-responsabilit\u00e9<\/h4>\n<p><\/p>\n<p><\/p>\n<p>Les informations sur le site Web de BookingHour sont mises \u00e0 disposition \u00ab telles quelles \u00bb. Sans restriction, les garanties ou conditions implicites de qualit\u00e9 marchande, d'ad\u00e9quation \u00e0 un usage particulier ou de non-violation de la propri\u00e9t\u00e9 intellectuelle ou d'autres droits sont toutes annul\u00e9es par BookingHour, qui n'offre aucune garantie d'aucune sorte, expresse ou implicite. BookingHour d\u00e9cline \u00e9galement toutes les garanties et repr\u00e9sentations, expresses ou implicites, y compris, sans s'y limiter, les garanties ou conditions implicites de qualit\u00e9 marchande, d'ad\u00e9quation \u00e0 un usage particulier ou de non-violation de la propri\u00e9t\u00e9 intellectuelle ou autre violation des droits.<\/p>\n<p><\/p>\n<p><\/p>\n<h4 class=\"wp-block-heading\">Liens<\/h4>\n<p><\/p>\n<p><\/p>\n<p>BookingHour n'est pas responsable du contenu de tout site Web li\u00e9 \u00e0 partir de son site Web et n'a pas examin\u00e9 tous les sites Web qui lui sont li\u00e9s. Toute connexion n'implique pas que BookingHour approuve le site Web. L'utilisateur utilise ces sites Web li\u00e9s \u00e0 ses propres risques.<\/p>\n<p><\/p>\n<p><\/p>\n<h4 class=\"wp-block-heading\">Modifications des conditions d'utilisation du site<\/h4>\n<p><\/p>\n<p><\/p>\n<p>Ces conditions d'utilisation du site Internet de BookingHour sont susceptibles d'\u00eatre modifi\u00e9es \u00e0 tout moment et sans pr\u00e9avis. Vous acceptez la version alors en vigueur des pr\u00e9sentes conditions d'utilisation en acc\u00e9dant \u00e0 ce site Web.<\/p>\n<p><\/p>\t\t\t\t\t\t\t\t<\/div>\n\t\t\t\t<\/div>\n\t\t\t\t\t<\/div>\n\t\t<\/div>\n\t\t\t\t\t<\/div>\n\t\t<\/section>\n\t\t\t\t<\/div>","protected":false},"excerpt":{"rendered":"","protected":false},"author":1,"featured_media":0,"parent":0,"menu_order":0,"comment_status":"closed","ping_status":"closed","template":"","meta":{"site-sidebar-layout":"no-sidebar","site-content-layout":"page-builder","ast-site-content-layout":"default","site-content-style":"default","site-sidebar-style":"default","ast-global-header-display":"","ast-banner-title-visibility":"","ast-main-header-display":"","ast-hfb-above-header-display":"","ast-hfb-below-header-display":"","ast-hfb-mobile-header-display":"","site-post-title":"disabled","ast-breadcrumbs-content":"","ast-featured-img":"disabled","footer-sml-layout":"","ast-disable-related-posts":"","theme-transparent-header-meta":"","adv-header-id-meta":"","stick-header-meta":"","header-above-stick-meta":"","header-main-stick-meta":"","header-below-stick-meta":"","astra-migrate-meta-layouts":"default","ast-page-background-enabled":"default","ast-page-background-meta":{"desktop":{"background-color":"var(--ast-global-color-4)","background-image":"","background-repeat":"repeat","background-position":"center center","background-size":"auto","background-attachment":"scroll","background-type":"","background-media":"","overlay-type":"","overlay-color":"","overlay-opacity":"","overlay-gradient":""},"tablet":{"background-color":"","background-image":"","background-repeat":"repeat","background-position":"center center","background-size":"auto","background-attachment":"scroll","background-type":"","background-media":"","overlay-type":"","overlay-color":"","overlay-opacity":"","overlay-gradient":""},"mobile":{"background-color":"","background-image":"","background-repeat":"repeat","background-position":"center center","background-size":"auto","background-attachment":"scroll","background-type":"","background-media":"","overlay-type":"","overlay-color":"","overlay-opacity":"","overlay-gradient":""}},"ast-content-background-meta":{"desktop":{"background-color":"var(--ast-global-color-5)","background-image":"","background-repeat":"repeat","background-position":"center center","background-size":"auto","background-attachment":"scroll","background-type":"","background-media":"","overlay-type":"","overlay-color":"","overlay-opacity":"","overlay-gradient":""},"tablet":{"background-color":"var(--ast-global-color-5)","background-image":"","background-repeat":"repeat","background-position":"center center","background-size":"auto","background-attachment":"scroll","background-type":"","background-media":"","overlay-type":"","overlay-color":"","overlay-opacity":"","overlay-gradient":""},"mobile":{"background-color":"var(--ast-global-color-5)","background-image":"","background-repeat":"repeat","background-position":"center center","background-size":"auto","background-attachment":"scroll","background-type":"","background-media":"","overlay-type":"","overlay-color":"","overlay-opacity":"","overlay-gradient":""}},"footnotes":""},"class_list":["post-5210","page","type-page","status-publish","hentry"],"yoast_head":"<!-- This site is optimized with the Yoast SEO plugin v27.2 - https:\/\/yoast.com\/product\/yoast-seo-wordpress\/ -->\n<title>Terms &amp; condition - Online Appointment Booking system<\/title>\n<meta name=\"robots\" content=\"index, follow, max-snippet:-1, max-image-preview:large, max-video-preview:-1\" \/>\n<link rel=\"canonical\" href=\"https:\/\/bookinghour.com\/fr\/terms-condition\/\" \/>\n<meta property=\"og:locale\" content=\"fr_FR\" \/>\n<meta property=\"og:type\" content=\"article\" \/>\n<meta property=\"og:title\" content=\"Terms &amp; condition - Online Appointment Booking system\" \/>\n<meta property=\"og:url\" content=\"https:\/\/bookinghour.com\/fr\/terms-condition\/\" \/>\n<meta property=\"og:site_name\" content=\"Online Appointment Booking system\" \/>\n<meta property=\"article:publisher\" content=\"https:\/\/www.facebook.com\/BookingHour-105392595575644\" \/>\n<meta property=\"article:modified_time\" content=\"2023-02-04T11:58:01+00:00\" \/>\n<meta name=\"twitter:card\" content=\"summary_large_image\" \/>\n<meta name=\"twitter:label1\" content=\"Dur\u00e9e de lecture estim\u00e9e\" \/>\n\t<meta name=\"twitter:data1\" content=\"6 minutes\" \/>\n<script type=\"application\/ld+json\" class=\"yoast-schema-graph\">{\"@context\":\"https:\/\/schema.org\",\"@graph\":[{\"@type\":\"WebPage\",\"@id\":\"https:\/\/bookinghour.com\/terms-condition\/\",\"url\":\"https:\/\/bookinghour.com\/terms-condition\/\",\"name\":\"Terms & condition - Online Appointment Booking system\",\"isPartOf\":{\"@id\":\"https:\/\/bookinghour.com\/#website\"},\"datePublished\":\"2022-10-06T13:58:46+00:00\",\"dateModified\":\"2023-02-04T11:58:01+00:00\",\"breadcrumb\":{\"@id\":\"https:\/\/bookinghour.com\/terms-condition\/#breadcrumb\"},\"inLanguage\":\"fr-FR\",\"potentialAction\":[{\"@type\":\"ReadAction\",\"target\":[\"https:\/\/bookinghour.com\/terms-condition\/\"]}]},{\"@type\":\"BreadcrumbList\",\"@id\":\"https:\/\/bookinghour.com\/terms-condition\/#breadcrumb\",\"itemListElement\":[{\"@type\":\"ListItem\",\"position\":1,\"name\":\"Home\",\"item\":\"https:\/\/bookinghour.com\/\"},{\"@type\":\"ListItem\",\"position\":2,\"name\":\"Terms &#038; condition\"}]},{\"@type\":\"WebSite\",\"@id\":\"https:\/\/bookinghour.com\/#website\",\"url\":\"https:\/\/bookinghour.com\/\",\"name\":\"Online Appointment Booking system\",\"description\":\"Seamless Scheduling, Anytime, Anywhere\",\"publisher\":{\"@id\":\"https:\/\/bookinghour.com\/#organization\"},\"potentialAction\":[{\"@type\":\"SearchAction\",\"target\":{\"@type\":\"EntryPoint\",\"urlTemplate\":\"https:\/\/bookinghour.com\/?s={search_term_string}\"},\"query-input\":{\"@type\":\"PropertyValueSpecification\",\"valueRequired\":true,\"valueName\":\"search_term_string\"}}],\"inLanguage\":\"fr-FR\"},{\"@type\":\"Organization\",\"@id\":\"https:\/\/bookinghour.com\/#organization\",\"name\":\"BookingHour\",\"url\":\"https:\/\/bookinghour.com\/\",\"logo\":{\"@type\":\"ImageObject\",\"inLanguage\":\"fr-FR\",\"@id\":\"https:\/\/bookinghour.com\/#\/schema\/logo\/image\/\",\"url\":\"https:\/\/bookinghour.com\/wp-content\/uploads\/2024\/11\/cropped-Bookinghour-online-appointment-scheduling-system-1.png\",\"contentUrl\":\"https:\/\/bookinghour.com\/wp-content\/uploads\/2024\/11\/cropped-Bookinghour-online-appointment-scheduling-system-1.png\",\"width\":250,\"height\":60,\"caption\":\"BookingHour\"},\"image\":{\"@id\":\"https:\/\/bookinghour.com\/#\/schema\/logo\/image\/\"},\"sameAs\":[\"https:\/\/www.facebook.com\/BookingHour-105392595575644\"]}]}<\/script>\n<!-- \/ Yoast SEO plugin. -->","yoast_head_json":{"title":"Terms & condition - Online Appointment Booking system","robots":{"index":"index","follow":"follow","max-snippet":"max-snippet:-1","max-image-preview":"max-image-preview:large","max-video-preview":"max-video-preview:-1"},"canonical":"https:\/\/bookinghour.com\/fr\/terms-condition\/","og_locale":"fr_FR","og_type":"article","og_title":"Terms & condition - Online Appointment Booking system","og_url":"https:\/\/bookinghour.com\/fr\/terms-condition\/","og_site_name":"Online Appointment Booking system","article_publisher":"https:\/\/www.facebook.com\/BookingHour-105392595575644","article_modified_time":"2023-02-04T11:58:01+00:00","twitter_card":"summary_large_image","twitter_misc":{"Dur\u00e9e de lecture estim\u00e9e":"6 minutes"},"schema":{"@context":"https:\/\/schema.org","@graph":[{"@type":"WebPage","@id":"https:\/\/bookinghour.com\/terms-condition\/","url":"https:\/\/bookinghour.com\/terms-condition\/","name":"Terms & condition - Online Appointment Booking system","isPartOf":{"@id":"https:\/\/bookinghour.com\/#website"},"datePublished":"2022-10-06T13:58:46+00:00","dateModified":"2023-02-04T11:58:01+00:00","breadcrumb":{"@id":"https:\/\/bookinghour.com\/terms-condition\/#breadcrumb"},"inLanguage":"fr-FR","potentialAction":[{"@type":"ReadAction","target":["https:\/\/bookinghour.com\/terms-condition\/"]}]},{"@type":"BreadcrumbList","@id":"https:\/\/bookinghour.com\/terms-condition\/#breadcrumb","itemListElement":[{"@type":"ListItem","position":1,"name":"Home","item":"https:\/\/bookinghour.com\/"},{"@type":"ListItem","position":2,"name":"Terms &#038; condition"}]},{"@type":"WebSite","@id":"https:\/\/bookinghour.com\/#website","url":"https:\/\/bookinghour.com\/","name":"Online Appointment Booking system","description":"Seamless Scheduling, Anytime, Anywhere","publisher":{"@id":"https:\/\/bookinghour.com\/#organization"},"potentialAction":[{"@type":"SearchAction","target":{"@type":"EntryPoint","urlTemplate":"https:\/\/bookinghour.com\/?s={search_term_string}"},"query-input":{"@type":"PropertyValueSpecification","valueRequired":true,"valueName":"search_term_string"}}],"inLanguage":"fr-FR"},{"@type":"Organization","@id":"https:\/\/bookinghour.com\/#organization","name":"BookingHour","url":"https:\/\/bookinghour.com\/","logo":{"@type":"ImageObject","inLanguage":"fr-FR","@id":"https:\/\/bookinghour.com\/#\/schema\/logo\/image\/","url":"https:\/\/bookinghour.com\/wp-content\/uploads\/2024\/11\/cropped-Bookinghour-online-appointment-scheduling-system-1.png","contentUrl":"https:\/\/bookinghour.com\/wp-content\/uploads\/2024\/11\/cropped-Bookinghour-online-appointment-scheduling-system-1.png","width":250,"height":60,"caption":"BookingHour"},"image":{"@id":"https:\/\/bookinghour.com\/#\/schema\/logo\/image\/"},"sameAs":["https:\/\/www.facebook.com\/BookingHour-105392595575644"]}]}},"_links":{"self":[{"href":"https:\/\/bookinghour.com\/fr\/wp-json\/wp\/v2\/pages\/5210","targetHints":{"allow":["GET"]}}],"collection":[{"href":"https:\/\/bookinghour.com\/fr\/wp-json\/wp\/v2\/pages"}],"about":[{"href":"https:\/\/bookinghour.com\/fr\/wp-json\/wp\/v2\/types\/page"}],"author":[{"embeddable":true,"href":"https:\/\/bookinghour.com\/fr\/wp-json\/wp\/v2\/users\/1"}],"replies":[{"embeddable":true,"href":"https:\/\/bookinghour.com\/fr\/wp-json\/wp\/v2\/comments?post=5210"}],"version-history":[{"count":3,"href":"https:\/\/bookinghour.com\/fr\/wp-json\/wp\/v2\/pages\/5210\/revisions"}],"predecessor-version":[{"id":8137,"href":"https:\/\/bookinghour.com\/fr\/wp-json\/wp\/v2\/pages\/5210\/revisions\/8137"}],"wp:attachment":[{"href":"https:\/\/bookinghour.com\/fr\/wp-json\/wp\/v2\/media?parent=5210"}],"curies":[{"name":"wp","href":"https:\/\/api.w.org\/{rel}","templated":true}]}}